{"id":237,"date":"2026-01-21T14:51:35","date_gmt":"2026-01-21T14:51:35","guid":{"rendered":"https:\/\/ancenis-saint-gereon2026.fr\/index.php\/retour-sur-2020-2026\/"},"modified":"2026-01-26T13:09:49","modified_gmt":"2026-01-26T13:09:49","slug":"retour-sur-2020-2026","status":"publish","type":"page","link":"https:\/\/ancenis-saint-gereon2026.fr\/index.php\/retour-sur-2020-2026\/","title":{"rendered":"Retour sur 2020-2026"},"content":{"rendered":"\n<div class=\"wp-block-group has-mono-1-background-color has-background is-layout-flow wp-container-core-group-is-layout-ce397403 wp-block-group-is-layout-flow\" style=\"margin-top:0;margin-bottom:0;padding-top:0;padding-right:0;padding-bottom:0;padding-left:0\">\n<div class=\"wp-block-cover\" style=\"padding-top:var(--wp--preset--spacing--superbspacing-xlarge);padding-right:0;padding-bottom:var(--wp--preset--spacing--superbspacing-xlarge);padding-left:0;min-height:50px;aspect-ratio:unset;\"><img loading=\"lazy\" decoding=\"async\" width=\"1024\" height=\"585\" class=\"wp-block-cover__image-background wp-image-62 size-large\" alt=\"\" src=\"https:\/\/ancenis-saint-gereon2026.fr\/wp-content\/uploads\/2025\/07\/R0000069_02-copie-1024x585.jpg\" style=\"object-position:44% 13%\" data-object-fit=\"cover\" data-object-position=\"44% 13%\" srcset=\"https:\/\/ancenis-saint-gereon2026.fr\/wp-content\/uploads\/2025\/07\/R0000069_02-copie-1024x585.jpg 1024w, https:\/\/ancenis-saint-gereon2026.fr\/wp-content\/uploads\/2025\/07\/R0000069_02-copie-300x171.jpg 300w, https:\/\/ancenis-saint-gereon2026.fr\/wp-content\/uploads\/2025\/07\/R0000069_02-copie-768x439.jpg 768w, https:\/\/ancenis-saint-gereon2026.fr\/wp-content\/uploads\/2025\/07\/R0000069_02-copie-1536x877.jpg 1536w, https:\/\/ancenis-saint-gereon2026.fr\/wp-content\/uploads\/2025\/07\/R0000069_02-copie.jpg 1891w\" sizes=\"auto, (max-width: 1024px) 100vw, 1024px\" \/><span aria-hidden=\"true\" class=\"wp-block-cover__background has-background-dim-40 has-background-dim\" style=\"background-color:#627177\"><\/span><div class=\"wp-block-cover__inner-container is-layout-flow wp-block-cover-is-layout-flow\">\n<div class=\"wp-block-group is-layout-constrained wp-container-core-group-is-layout-27ec71c5 wp-block-group-is-layout-constrained\" style=\"padding-top:0;padding-right:var(--wp--preset--spacing--superbspacing-small);padding-bottom:0;padding-left:var(--wp--preset--spacing--superbspacing-small)\">\n<div class=\"wp-block-group is-content-justification-center is-layout-constrained wp-container-core-group-is-layout-32b5ec3b wp-block-group-is-layout-constrained\" style=\"margin-top:0;margin-bottom:0\">\n<h1 class=\"wp-block-heading has-text-align-center has-text-color has-superbfont-xxlarge-font-size\" style=\"color:#fdfdfd;font-style:normal;font-weight:400\">Retour sur 2020-2026<\/h1>\n\n\n\n<p class=\"has-text-align-center has-text-color has-superbfont-small-font-size\" style=\"color:#fdfdfd;margin-bottom:var(--wp--preset--spacing--superbspacing-small)\">Un mandat consacr\u00e9 \u00e0 un programme: <br>101 actions pour une ville en transition<\/p>\n<\/div>\n<\/div>\n<\/div><\/div>\n<\/div>\n\n\n\n<div class=\"wp-block-group alignfull has-mono-4-background-color has-background is-layout-constrained wp-container-core-group-is-layout-129f6e7c wp-block-group-is-layout-constrained\" style=\"margin-top:0;margin-bottom:0;padding-top:var(--wp--preset--spacing--superbspacing-large);padding-right:var(--wp--preset--spacing--superbspacing-small);padding-bottom:var(--wp--preset--spacing--superbspacing-large);padding-left:var(--wp--preset--spacing--superbspacing-small)\">\n<div class=\"wp-block-columns alignwide is-layout-flex wp-container-core-columns-is-layout-25593187 wp-block-columns-is-layout-flex\">\n<div class=\"wp-block-column is-vertically-aligned-center is-layout-flow wp-container-core-column-is-layout-a1628350 wp-block-column-is-layout-flow\" style=\"padding-top:0;padding-right:0;padding-bottom:0;padding-left:0\">\n<div class=\"wp-block-group is-layout-flow wp-container-core-group-is-layout-ff697075 wp-block-group-is-layout-flow\">\n<h3 class=\"wp-block-heading has-text-align-left has-superbfont-xlarge-font-size\" style=\"line-height:1.2\">85 % des actions du programme r\u00e9alis\u00e9es ou en cours<\/h3>\n\n\n\n<p class=\"has-mono-2-color has-text-color has-link-color wp-elements-901818c6dc22a40d4cb39b6896e58df5\">Le programme de l&rsquo;\u00e9quipe majoritaire \u00ab\u00a0101 actions pour une ville en transition\u00a0\u00bb portait sur plusieurs niveaux:<br>&#8211; la commune<br>&#8211; le SIVU de l&rsquo;Enfance<br>&#8211; la Communaut\u00e9 de communes du Pays d&rsquo;Ancenis (COMPA)<br>&#8211; le Conseil d\u00e9partemental de Loire-Atlantique<\/p>\n<\/div>\n<\/div>\n\n\n\n<div class=\"wp-block-column is-vertically-aligned-center is-layout-flow wp-container-core-column-is-layout-40a2a7e8 wp-block-column-is-layout-flow\" style=\"padding-right:0;padding-bottom:0;padding-left:0\">\n<figure class=\"wp-block-image size-large has-custom-border\"><img loading=\"lazy\" decoding=\"async\" width=\"1024\" height=\"487\" src=\"https:\/\/ancenis-saint-gereon2026.fr\/wp-content\/uploads\/2026\/01\/bilan_2020-2026-1024x487.png\" alt=\"\" class=\"wp-image-239\" style=\"border-radius:0px\" srcset=\"https:\/\/ancenis-saint-gereon2026.fr\/wp-content\/uploads\/2026\/01\/bilan_2020-2026-1024x487.png 1024w, https:\/\/ancenis-saint-gereon2026.fr\/wp-content\/uploads\/2026\/01\/bilan_2020-2026-300x143.png 300w, https:\/\/ancenis-saint-gereon2026.fr\/wp-content\/uploads\/2026\/01\/bilan_2020-2026-768x365.png 768w, https:\/\/ancenis-saint-gereon2026.fr\/wp-content\/uploads\/2026\/01\/bilan_2020-2026-1536x730.png 1536w, https:\/\/ancenis-saint-gereon2026.fr\/wp-content\/uploads\/2026\/01\/bilan_2020-2026-2048x974.png 2048w, https:\/\/ancenis-saint-gereon2026.fr\/wp-content\/uploads\/2026\/01\/bilan_2020-2026-scaled.webp 1920w\" sizes=\"auto, (max-width: 1024px) 100vw, 1024px\" \/><\/figure>\n<\/div>\n<\/div>\n<\/div>\n\n\n\n<div class=\"wp-block-columns is-layout-flex wp-container-core-columns-is-layout-28f84493 wp-block-columns-is-layout-flex\">\n<div class=\"wp-block-column is-layout-flow wp-block-column-is-layout-flow\" style=\"flex-basis:100%\">\n<div class=\"wp-block-group alignfull is-layout-constrained wp-container-core-group-is-layout-8bbd0b3b wp-block-group-is-layout-constrained\" style=\"margin-top:0;margin-bottom:0;padding-top:var(--wp--preset--spacing--superbspacing-large);padding-right:var(--wp--preset--spacing--superbspacing-small);padding-bottom:var(--wp--preset--spacing--superbspacing-large);padding-left:var(--wp--preset--spacing--superbspacing-small)\">\n<figure class=\"wp-block-image alignwide size-full\"><img loading=\"lazy\" decoding=\"async\" width=\"2560\" height=\"1440\" src=\"https:\/\/ancenis-saint-gereon2026.fr\/wp-content\/uploads\/2026\/01\/R0004848-edited-scaled.jpg\" alt=\"\" class=\"wp-image-240\" srcset=\"https:\/\/ancenis-saint-gereon2026.fr\/wp-content\/uploads\/2026\/01\/R0004848-edited-scaled.jpg 2560w, https:\/\/ancenis-saint-gereon2026.fr\/wp-content\/uploads\/2026\/01\/R0004848-edited-300x169.jpg 300w, https:\/\/ancenis-saint-gereon2026.fr\/wp-content\/uploads\/2026\/01\/R0004848-edited-1024x576.jpg 1024w, https:\/\/ancenis-saint-gereon2026.fr\/wp-content\/uploads\/2026\/01\/R0004848-edited-768x432.jpg 768w, https:\/\/ancenis-saint-gereon2026.fr\/wp-content\/uploads\/2026\/01\/R0004848-edited-1536x864.jpg 1536w, https:\/\/ancenis-saint-gereon2026.fr\/wp-content\/uploads\/2026\/01\/R0004848-edited-2048x1152.jpg 2048w\" sizes=\"auto, (max-width: 2560px) 100vw, 2560px\" \/><\/figure>\n\n\n\n<div class=\"wp-block-group alignwide is-layout-constrained wp-container-core-group-is-layout-44bcd671 wp-block-group-is-layout-constrained\" style=\"padding-top:var(--wp--preset--spacing--superbspacing-xsmall);padding-bottom:var(--wp--preset--spacing--superbspacing-xsmall)\">\n<p class=\"has-featured-color has-text-color has-link-color has-superbfont-small-font-size wp-elements-e24d291ba4c1a9b31b9eed311e124d1f\"><\/p>\n\n\n\n<h2 class=\"wp-block-heading has-text-align-left has-superbfont-xlarge-font-size\" style=\"line-height:1.2\">Quelques exemples d&rsquo;actions r\u00e9alis\u00e9es<\/h2>\n<\/div>\n\n\n\n<h4 class=\"wp-block-heading\">Transition \u00e9cologique et d\u00e9mocratie locale<\/h4>\n\n\n\n<p>Plantations d&rsquo;arbres dans toute la commune et \u00eelots de fra\u00eecheur pour limiter les effets des \u00e9pisodes de chaleur<br>\u00c9laboration collective du Sch\u00e9ma directeur des mobilit\u00e9s actives, une feuille de route \u00e0 10 ans pour faciliter les d\u00e9placements pi\u00e9tons et v\u00e9los<br>S\u00e9curisation de plusieurs points noirs : rond-point Tournebride, carrefour entre la rue des Jeux Olympique et la rue de Chateaubriand&#8230;<br>Mise en place d&rsquo;un budget participatif communal<br>Concertations syst\u00e9matiques lors de chaque projet d&rsquo;am\u00e9nagement ou de travaux<\/p>\n\n\n\n<h4 class=\"wp-block-heading\">Finances<\/h4>\n\n\n\n<p>Aucun emprunt nouveau, et donc une capacit\u00e9 maximale pour investir au cours du prochain mandat<br>Un programme d\u2019investissement important : 5 M\u20ac\/an pour la r\u00e9novation du patrimoine b\u00e2ti, les espaces publics, espaces sportifs\u2026<br>Limitation de l&rsquo;augmentation des charges g\u00e9n\u00e9rales, ma\u00eetrise des d\u00e9penses de personnel et diminution de 10% de l\u2019enveloppe des indemnit\u00e9s des \u00e9lus<\/p>\n\n\n\n<h4 class=\"wp-block-heading\">Tranquillit\u00e9 publique<\/h4>\n\n\n\n<p>Renforcement des moyens de la Police Municipale: recrutement d&rsquo;un 5e policier municipal et cam\u00e9ras individuelles<br>Coop\u00e9ration renforc\u00e9e avec la Gendarmerie<br>Rencontre syst\u00e9matique avec les parents dont les enfants causent des troubles sur l&rsquo;espace public<\/p>\n\n\n\n<div class=\"wp-block-columns alignwide is-layout-flex wp-container-core-columns-is-layout-25593187 wp-block-columns-is-layout-flex\">\n<div class=\"wp-block-column is-vertically-aligned-center is-layout-flow wp-container-core-column-is-layout-a1628350 wp-block-column-is-layout-flow\" style=\"padding-top:0;padding-right:0;padding-bottom:0;padding-left:0\">\n<div class=\"wp-block-group is-layout-flow wp-container-core-group-is-layout-ff697075 wp-block-group-is-layout-flow\">\n<figure class=\"wp-block-image alignleft size-thumbnail\"><img loading=\"lazy\" decoding=\"async\" width=\"150\" height=\"150\" src=\"https:\/\/ancenis-saint-gereon2026.fr\/wp-content\/uploads\/2026\/01\/heron-edited-150x150.jpg\" alt=\"\" class=\"wp-image-255\" srcset=\"https:\/\/ancenis-saint-gereon2026.fr\/wp-content\/uploads\/2026\/01\/heron-edited-150x150.jpg 150w, https:\/\/ancenis-saint-gereon2026.fr\/wp-content\/uploads\/2026\/01\/heron-edited-300x300.jpg 300w, https:\/\/ancenis-saint-gereon2026.fr\/wp-content\/uploads\/2026\/01\/heron-edited.jpg 608w\" sizes=\"auto, (max-width: 150px) 100vw, 150px\" \/><\/figure>\n\n\n\n<h4 class=\"wp-block-heading\"> Culture<\/h4>\n\n\n\n<p>Soutien au monde culturel professionnel et associatif : musique, danse, th\u00e9\u00e2tre, arts plastiques&#8230;<br>Spectacles de rue : Sortie de la Rentr\u00e9e, Couleurs parasol\u2026<br>Exposition sur l\u2019histoire du Ch\u00e2teau, Parcours Patrimoine et installation de la galerie Rives de Loire au Logis Renaissance<\/p>\n\n\n\n<h4 class=\"wp-block-heading\">\u00c9v\u00e9nements et communication<\/h4>\n\n\n\n<p>Nouveaux \u00e9v\u00e9nements : March\u00e9 de no\u00ebl, Folles journ\u00e9es, F\u00eate du jeu\u2026<br>Maintien du montant global de subvention aux associations<br>Refonte des outils de communication : nouvelle charte graphique, nouveau logo, nouveau bulletin, int\u00e9gration du FALC, nouveau site internet\u2026<\/p>\n\n\n\n<h4 class=\"wp-block-heading\">Enfance Jeunesse<\/h4>\n\n\n\n<p>Ouverture des temps p\u00e9riscolaires aux diff\u00e9rentes animations de la ville<br>Accompagnement des familles : RDV individualis\u00e9, suivi des impay\u00e9s, accompagnement du collectif Minute-Papillon\u2026<br>Am\u00e9liorer la qualit\u00e9 des repas et le temps de la pause m\u00e9ridienne<\/p>\n\n\n\n<figure class=\"wp-block-image alignleft size-thumbnail\"><img loading=\"lazy\" decoding=\"async\" width=\"150\" height=\"150\" src=\"https:\/\/ancenis-saint-gereon2026.fr\/wp-content\/uploads\/2026\/01\/IMG_20260105_102234_HDR-150x150.webp\" alt=\"\" class=\"wp-image-193\" style=\"aspect-ratio:1;object-fit:cover\"\/><\/figure>\n\n\n\n<h4 class=\"wp-block-heading\">Sport<\/h4>\n\n\n\n<p>Deux terrains synth\u00e9tiques en li\u00e8ge avec \u00e9clairage (1000 utilisateurs)<br>Accompagnement renforc\u00e9 des clubs : Formation club inclusif, formation Colosse aux pieds d\u2019argile, pr\u00e9vention<br>Animation Multisport Adapt\u00e9 pour les ados avec le CD44<\/p>\n\n\n\n<p> <\/p>\n\n\n\n<p> <\/p>\n<\/div>\n<\/div>\n\n\n\n<div class=\"wp-block-column is-vertically-aligned-center is-layout-flow wp-container-core-column-is-layout-40a2a7e8 wp-block-column-is-layout-flow\" style=\"padding-right:0;padding-bottom:0;padding-left:0\">\n<p> <\/p>\n\n\n\n<h4 class=\"wp-block-heading\">Urbanisme<\/h4>\n\n\n\n<p>Favoriser les logements abordables : BRS (Bail r\u00e9el solidaire), extension FJT<br>Penser la ville: Plan guide quartier gare et cr\u00e9ation ZAC du Dolmen d\u00e9cembre 2025<br>Plan de requalification urbaine quartier Moutel-Corderie et projet de reconstruction de la salle de la Corderie<br>Programmation urbaine quartier de la Gilarderie<br>Aide \u00e0 l\u2019acquisition de la ferme de la Gu\u00e8re pour installer de jeunes agriculteurs<\/p>\n\n\n\n<h4 class=\"wp-block-heading\">Commerce<\/h4>\n\n\n\n<p>Halles : nouvelle \u00e9picerie (2021), boutiques \u00e9ph\u00e9m\u00e8res Fleuriste, Chifoumi\u2026<br>Animations dans les p\u00f4les commerciaux<br>Nouvelle signal\u00e9tique directionnelle (2023), disque de stationnement (2024), acc\u00e8s au parking Bar\u00e8me pour les commer\u00e7ants le samedi<\/p>\n\n\n\n<h4 class=\"wp-block-heading has-text-align-left\">Solidarit\u00e9s<\/h4>\n\n\n\n<p class=\"has-text-align-left\">Accompagnement des personnes en grande pr\u00e9carit\u00e9 : \u00e9volution halte de nuit, ouverture logement tremplin et projet halte de jour, maraude<br>R\u00e9sidence de la Davrays : Am\u00e9lioration de l\u2019accueil et de l\u2019accompagnement<br>Cr\u00e9ation du festival des solidarit\u00e9s : Festisol<\/p>\n\n\n\n<figure class=\"wp-block-image alignleft size-thumbnail\"><img loading=\"lazy\" decoding=\"async\" width=\"150\" height=\"150\" src=\"https:\/\/ancenis-saint-gereon2026.fr\/wp-content\/uploads\/2026\/01\/IMGP6377-edited-150x150.jpg\" alt=\"\" class=\"wp-image-257\" srcset=\"https:\/\/ancenis-saint-gereon2026.fr\/wp-content\/uploads\/2026\/01\/IMGP6377-edited-150x150.jpg 150w, https:\/\/ancenis-saint-gereon2026.fr\/wp-content\/uploads\/2026\/01\/IMGP6377-edited-300x300.jpg 300w, https:\/\/ancenis-saint-gereon2026.fr\/wp-content\/uploads\/2026\/01\/IMGP6377-edited-1024x1024.jpg 1024w, https:\/\/ancenis-saint-gereon2026.fr\/wp-content\/uploads\/2026\/01\/IMGP6377-edited-768x768.jpg 768w, https:\/\/ancenis-saint-gereon2026.fr\/wp-content\/uploads\/2026\/01\/IMGP6377-edited-1536x1536.jpg 1536w, https:\/\/ancenis-saint-gereon2026.fr\/wp-content\/uploads\/2026\/01\/IMGP6377-edited-2048x2048.jpg 2048w\" sizes=\"auto, (max-width: 150px) 100vw, 150px\" \/><\/figure>\n\n\n\n<h4 class=\"wp-block-heading has-text-align-left\">Voirie et espaces publics<\/h4>\n\n\n\n<p class=\"has-text-align-left\">R\u00e9alisation continuit\u00e9s cyclables et pi\u00e9tonnes : Rue Chateaubriand, chaussidou Lamorici\u00e8re et parking \u00e0 v\u00e9lo, p\u00e9dibus dans les \u00e9coles, sentiers de randonn\u00e9es\u2026<br>R\u00e9novation et r\u00e9am\u00e9nagement des voiries<br>R\u00e9novation de voies dans les villages<\/p>\n<\/div>\n<\/div>\n<\/div>\n<\/div>\n<\/div>\n","protected":false},"excerpt":{"rendered":"<p>85 % des actions du programme r\u00e9alis\u00e9es ou en cours Le programme de l&rsquo;\u00e9quipe majoritaire \u00ab\u00a0101 actions pour une ville en transition\u00a0\u00bb portait sur plusieurs niveaux:&#8211; la commune&#8211; le SIVU de l&rsquo;Enfance&#8211; la Communaut\u00e9 de communes du Pays d&rsquo;Ancenis (COMPA)&#8211; le Conseil d\u00e9partemental de Loire-Atlantique Quelques exemples d&rsquo;actions r\u00e9alis\u00e9es Transition \u00e9cologique et d\u00e9mocratie locale Plantations [&hellip;]<\/p>\n","protected":false},"author":2,"featured_media":0,"parent":0,"menu_order":0,"comment_status":"closed","ping_status":"closed","template":"superbaddons-page-template","meta":{"footnotes":""},"class_list":["post-237","page","type-page","status-publish","hentry"],"_links":{"self":[{"href":"https:\/\/ancenis-saint-gereon2026.fr\/index.php\/wp-json\/wp\/v2\/pages\/237","targetHints":{"allow":["GET"]}}],"collection":[{"href":"https:\/\/ancenis-saint-gereon2026.fr\/index.php\/wp-json\/wp\/v2\/pages"}],"about":[{"href":"https:\/\/ancenis-saint-gereon2026.fr\/index.php\/wp-json\/wp\/v2\/types\/page"}],"author":[{"embeddable":true,"href":"https:\/\/ancenis-saint-gereon2026.fr\/index.php\/wp-json\/wp\/v2\/users\/2"}],"replies":[{"embeddable":true,"href":"https:\/\/ancenis-saint-gereon2026.fr\/index.php\/wp-json\/wp\/v2\/comments?post=237"}],"version-history":[{"count":16,"href":"https:\/\/ancenis-saint-gereon2026.fr\/index.php\/wp-json\/wp\/v2\/pages\/237\/revisions"}],"predecessor-version":[{"id":259,"href":"https:\/\/ancenis-saint-gereon2026.fr\/index.php\/wp-json\/wp\/v2\/pages\/237\/revisions\/259"}],"wp:attachment":[{"href":"https:\/\/ancenis-saint-gereon2026.fr\/index.php\/wp-json\/wp\/v2\/media?parent=237"}],"curies":[{"name":"wp","href":"https:\/\/api.w.org\/{rel}","templated":true}]}}