{"id":171,"date":"2025-11-17T16:21:56","date_gmt":"2025-11-17T16:21:56","guid":{"rendered":"https:\/\/ancenis-saint-gereon2026.fr\/index.php\/soutiens\/"},"modified":"2026-01-06T20:54:19","modified_gmt":"2026-01-06T20:54:19","slug":"soutiens","status":"publish","type":"page","link":"https:\/\/ancenis-saint-gereon2026.fr\/index.php\/soutiens\/","title":{"rendered":"Soutiens"},"content":{"rendered":"\n<div class=\"wp-block-group has-mono-1-background-color has-background is-layout-flow wp-container-core-group-is-layout-ce397403 wp-block-group-is-layout-flow\" style=\"margin-top:0;margin-bottom:0;padding-top:0;padding-right:0;padding-bottom:0;padding-left:0\">\n<div class=\"wp-block-cover\" style=\"padding-top:var(--wp--preset--spacing--superbspacing-xlarge);padding-right:0;padding-bottom:var(--wp--preset--spacing--superbspacing-xlarge);padding-left:0;min-height:50px;aspect-ratio:unset;\"><img loading=\"lazy\" decoding=\"async\" width=\"2560\" height=\"999\" class=\"wp-block-cover__image-background wp-image-106 size-full\" alt=\"\" src=\"https:\/\/ancenis-saint-gereon2026.fr\/wp-content\/uploads\/2025\/11\/IMGP4561_03-scaled.jpg\" style=\"object-position:50% 59%\" data-object-fit=\"cover\" data-object-position=\"50% 59%\" srcset=\"https:\/\/ancenis-saint-gereon2026.fr\/wp-content\/uploads\/2025\/11\/IMGP4561_03-scaled.jpg 2560w, https:\/\/ancenis-saint-gereon2026.fr\/wp-content\/uploads\/2025\/11\/IMGP4561_03-300x117.jpg 300w, https:\/\/ancenis-saint-gereon2026.fr\/wp-content\/uploads\/2025\/11\/IMGP4561_03-1024x400.jpg 1024w, https:\/\/ancenis-saint-gereon2026.fr\/wp-content\/uploads\/2025\/11\/IMGP4561_03-768x300.jpg 768w, https:\/\/ancenis-saint-gereon2026.fr\/wp-content\/uploads\/2025\/11\/IMGP4561_03-1536x599.jpg 1536w, https:\/\/ancenis-saint-gereon2026.fr\/wp-content\/uploads\/2025\/11\/IMGP4561_03-2048x799.jpg 2048w\" sizes=\"auto, (max-width: 2560px) 100vw, 2560px\" \/><span aria-hidden=\"true\" class=\"wp-block-cover__background has-background-dim-40 has-background-dim\" style=\"background-color:#977359\"><\/span><div class=\"wp-block-cover__inner-container is-layout-flow wp-block-cover-is-layout-flow\">\n<div class=\"wp-block-group is-layout-constrained wp-container-core-group-is-layout-27ec71c5 wp-block-group-is-layout-constrained\" style=\"padding-top:0;padding-right:var(--wp--preset--spacing--superbspacing-small);padding-bottom:0;padding-left:var(--wp--preset--spacing--superbspacing-small)\">\n<div class=\"wp-block-group alignfull is-content-justification-center is-layout-constrained wp-container-core-group-is-layout-644e3e67 wp-block-group-is-layout-constrained\" style=\"margin-top:0;margin-bottom:0\">\n<h1 class=\"wp-block-heading alignwide has-text-align-center has-text-color has-superbfont-xxlarge-font-size\" style=\"color:#fdfdfd;font-style:normal;font-weight:400\">Un collectif qui travaille<\/h1>\n<\/div>\n\n\n\n<div class=\"wp-block-group alignfull is-content-justification-center is-layout-constrained wp-container-core-group-is-layout-644e3e67 wp-block-group-is-layout-constrained\" style=\"margin-top:0;margin-bottom:0\">\n<h1 class=\"wp-block-heading alignwide has-text-align-center has-text-color has-superbfont-xxlarge-font-size\" style=\"color:#fdfdfd;font-style:normal;font-weight:400\">Un collectif qui agit<\/h1>\n\n\n\n<h1 class=\"wp-block-heading alignwide has-text-align-center has-text-color has-superbfont-xxlarge-font-size\" style=\"color:#fdfdfd;font-style:normal;font-weight:400\">AGIR ENSEMBLE<\/h1>\n<\/div>\n<\/div>\n<\/div><\/div>\n<\/div>\n\n\n\n<div class=\"wp-block-group alignfull has-mono-4-background-color has-background is-layout-constrained wp-container-core-group-is-layout-129f6e7c wp-block-group-is-layout-constrained\" style=\"margin-top:0;margin-bottom:0;padding-top:var(--wp--preset--spacing--superbspacing-large);padding-right:var(--wp--preset--spacing--superbspacing-small);padding-bottom:var(--wp--preset--spacing--superbspacing-large);padding-left:var(--wp--preset--spacing--superbspacing-small)\">\n<div class=\"wp-block-columns alignwide is-layout-flex wp-container-core-columns-is-layout-25593187 wp-block-columns-is-layout-flex\">\n<div class=\"wp-block-column is-vertically-aligned-center is-layout-flow wp-container-core-column-is-layout-a1628350 wp-block-column-is-layout-flow\" style=\"padding-top:0;padding-right:0;padding-bottom:0;padding-left:0\">\n<div class=\"wp-block-group is-layout-flow wp-container-core-group-is-layout-ff697075 wp-block-group-is-layout-flow\">\n<h3 class=\"wp-block-heading has-text-align-left has-superbfont-xlarge-font-size\" style=\"line-height:1.2\">Pour continuer \u00e0 agir ensemble<\/h3>\n\n\n\n<p>En soutenant le collectif, vous le renforcez et vous participez activement \u00e0 l&rsquo;avenir de notre commune Ancenis-Saint-G\u00e9r\u00e9on.<\/p>\n\n\n\n<p class=\"has-mono-2-color has-text-color has-link-color wp-elements-531ff8de4a10711540debb6ff6b77ddd\">Pour continuer \u00e0 agir ensemble pour un avenir durable \u00e0 Ancenis-Saint-G\u00e9r\u00e9on,\u00a0et apporter votre soutien \u00e0 la liste\u00a0<strong>Ancenis-Saint-G\u00e9r\u00e9on Agir Ensemble<\/strong>, conduite par R\u00e9my Orhon qui se pr\u00e9sentera aux \u00e9lections municipales de mars 2026,<\/p>\n\n\n\n<p class=\"has-mono-2-color has-text-color has-link-color wp-elements-c3a849fe7e5f860a3a243bf0dbc72986\">Votre soutien est pr\u00e9cieux !<\/p>\n<\/div>\n\n\n\n<div class=\"wp-block-buttons is-layout-flex wp-container-core-buttons-is-layout-69f3c5ca wp-block-buttons-is-layout-flex\">\n<div class=\"wp-block-button is-style-outline is-style-outline--1\"><a class=\"wp-block-button__link has-superbfont-small-font-size has-custom-font-size wp-element-button\" style=\"padding-top:var(--wp--preset--spacing--superbspacing-xsmall);padding-right:var(--wp--preset--spacing--superbspacing-xsmall);padding-bottom:var(--wp--preset--spacing--superbspacing-xsmall);padding-left:var(--wp--preset--spacing--superbspacing-xsmall)\">06 41 50 25 90<\/a><\/div>\n\n\n\n<div style=\"opacity: 0;\" superb-addons-animation=\"flash\" class=\"wp-block-button is-style-outline is-style-outline--2\" id=\"mailto:collectif-municipales@ancenis-saint-gereon2026.fr\"><a class=\"wp-block-button__link has-superbfont-small-font-size has-custom-font-size wp-element-button\" href=\"mailto:collectif-municipales@ancenis-saint-gereon2026.fr\" style=\"padding-top:var(--wp--preset--spacing--superbspacing-xsmall);padding-right:var(--wp--preset--spacing--superbspacing-xsmall);padding-bottom:var(--wp--preset--spacing--superbspacing-xsmall);padding-left:var(--wp--preset--spacing--superbspacing-xsmall)\">Nous \u00e9crire<\/a><\/div>\n<\/div>\n<\/div>\n\n\n\n<div class=\"wp-block-column is-vertically-aligned-center is-layout-flow wp-container-core-column-is-layout-40a2a7e8 wp-block-column-is-layout-flow\" style=\"padding-right:0;padding-bottom:0;padding-left:0\">\n<figure class=\"wp-block-image size-full has-custom-border\"><img loading=\"lazy\" decoding=\"async\" width=\"1277\" height=\"1920\" src=\"https:\/\/ancenis-saint-gereon2026.fr\/wp-content\/uploads\/2025\/11\/IMGP4531-scaled.webp\" alt=\"\" class=\"wp-image-107\" style=\"border-radius:0px\" srcset=\"https:\/\/ancenis-saint-gereon2026.fr\/wp-content\/uploads\/2025\/11\/IMGP4531-scaled.webp 1277w, https:\/\/ancenis-saint-gereon2026.fr\/wp-content\/uploads\/2025\/11\/IMGP4531-199x300.webp 199w, https:\/\/ancenis-saint-gereon2026.fr\/wp-content\/uploads\/2025\/11\/IMGP4531-681x1024.webp 681w, https:\/\/ancenis-saint-gereon2026.fr\/wp-content\/uploads\/2025\/11\/IMGP4531-768x1155.webp 768w, https:\/\/ancenis-saint-gereon2026.fr\/wp-content\/uploads\/2025\/11\/IMGP4531-1021x1536.webp 1021w\" sizes=\"auto, (max-width: 1277px) 100vw, 1277px\" \/><\/figure>\n<\/div>\n<\/div>\n<\/div>\n\n\n\n<iframe loading=\"lazy\" src=\"https:\/\/framaforms.org\/je-soutiens-la-candidature-de-la-liste-ancenis-saint-gereon-agir-ensemble-avec-remy-orhon-1759911854\" width=\"100%\" height=\"800\" border=\"0\"><\/iframe>\n","protected":false},"excerpt":{"rendered":"<p>Pour continuer \u00e0 agir ensemble En soutenant le collectif, vous le renforcez et vous participez activement \u00e0 l&rsquo;avenir de notre commune Ancenis-Saint-G\u00e9r\u00e9on. Pour continuer \u00e0 agir ensemble pour un avenir durable \u00e0 Ancenis-Saint-G\u00e9r\u00e9on,\u00a0et apporter votre soutien \u00e0 la liste\u00a0Ancenis-Saint-G\u00e9r\u00e9on Agir Ensemble, conduite par R\u00e9my Orhon qui se pr\u00e9sentera aux \u00e9lections municipales de mars 2026, Votre [&hellip;]<\/p>\n","protected":false},"author":1,"featured_media":0,"parent":0,"menu_order":0,"comment_status":"closed","ping_status":"closed","template":"superbaddons-page-template","meta":{"footnotes":""},"class_list":["post-171","page","type-page","status-publish","hentry"],"_links":{"self":[{"href":"https:\/\/ancenis-saint-gereon2026.fr\/index.php\/wp-json\/wp\/v2\/pages\/171","targetHints":{"allow":["GET"]}}],"collection":[{"href":"https:\/\/ancenis-saint-gereon2026.fr\/index.php\/wp-json\/wp\/v2\/pages"}],"about":[{"href":"https:\/\/ancenis-saint-gereon2026.fr\/index.php\/wp-json\/wp\/v2\/types\/page"}],"author":[{"embeddable":true,"href":"https:\/\/ancenis-saint-gereon2026.fr\/index.php\/wp-json\/wp\/v2\/users\/1"}],"replies":[{"embeddable":true,"href":"https:\/\/ancenis-saint-gereon2026.fr\/index.php\/wp-json\/wp\/v2\/comments?post=171"}],"version-history":[{"count":10,"href":"https:\/\/ancenis-saint-gereon2026.fr\/index.php\/wp-json\/wp\/v2\/pages\/171\/revisions"}],"predecessor-version":[{"id":188,"href":"https:\/\/ancenis-saint-gereon2026.fr\/index.php\/wp-json\/wp\/v2\/pages\/171\/revisions\/188"}],"wp:attachment":[{"href":"https:\/\/ancenis-saint-gereon2026.fr\/index.php\/wp-json\/wp\/v2\/media?parent=171"}],"curies":[{"name":"wp","href":"https:\/\/api.w.org\/{rel}","templated":true}]}}