{"id":152,"date":"2025-11-17T15:12:42","date_gmt":"2025-11-17T15:12:42","guid":{"rendered":"https:\/\/ancenis-saint-gereon2026.fr\/index.php\/about-14\/"},"modified":"2026-01-09T09:25:07","modified_gmt":"2026-01-09T09:25:07","slug":"rgpd","status":"publish","type":"page","link":"https:\/\/ancenis-saint-gereon2026.fr\/index.php\/rgpd\/","title":{"rendered":"RGPD"},"content":{"rendered":"\n<div class=\"wp-block-group has-mono-1-background-color has-background is-layout-flow wp-container-core-group-is-layout-ce397403 wp-block-group-is-layout-flow\" style=\"margin-top:0;margin-bottom:0;padding-top:0;padding-right:0;padding-bottom:0;padding-left:0\">\n<div class=\"wp-block-cover\" style=\"padding-top:var(--wp--preset--spacing--superbspacing-xlarge);padding-right:0;padding-bottom:var(--wp--preset--spacing--superbspacing-xlarge);padding-left:0;min-height:50px;aspect-ratio:unset;\"><img loading=\"lazy\" decoding=\"async\" width=\"900\" height=\"150\" class=\"wp-block-cover__image-background wp-image-161 size-full\" alt=\"\" src=\"https:\/\/ancenis-saint-gereon2026.fr\/wp-content\/uploads\/2025\/11\/BanniereCOFFRESSECURITE.webp\" data-object-fit=\"cover\" srcset=\"https:\/\/ancenis-saint-gereon2026.fr\/wp-content\/uploads\/2025\/11\/BanniereCOFFRESSECURITE.webp 900w, https:\/\/ancenis-saint-gereon2026.fr\/wp-content\/uploads\/2025\/11\/BanniereCOFFRESSECURITE-300x50.webp 300w, https:\/\/ancenis-saint-gereon2026.fr\/wp-content\/uploads\/2025\/11\/BanniereCOFFRESSECURITE-768x128.webp 768w\" sizes=\"auto, (max-width: 900px) 100vw, 900px\" \/><span aria-hidden=\"true\" class=\"wp-block-cover__background has-background-dim-40 has-background-dim\" style=\"background-color:#675752\"><\/span><div class=\"wp-block-cover__inner-container is-layout-flow wp-block-cover-is-layout-flow\">\n<div class=\"wp-block-group is-layout-constrained wp-container-core-group-is-layout-27ec71c5 wp-block-group-is-layout-constrained\" style=\"padding-top:0;padding-right:var(--wp--preset--spacing--superbspacing-small);padding-bottom:0;padding-left:var(--wp--preset--spacing--superbspacing-small)\">\n<div class=\"wp-block-group is-content-justification-center is-layout-constrained wp-container-core-group-is-layout-32b5ec3b wp-block-group-is-layout-constrained\" style=\"margin-top:0;margin-bottom:0\">\n<h1 class=\"wp-block-heading has-text-align-center has-text-color has-superbfont-xxlarge-font-size\" style=\"color:#fdfdfd;font-style:normal;font-weight:400\">Mentions L\u00e9gales<\/h1>\n<\/div>\n<\/div>\n\n\n\n<h2 class=\"wp-block-heading has-text-align-center\">au 1er septembre 2025<\/h2>\n<\/div><\/div>\n<\/div>\n\n\n\n<div class=\"wp-block-group alignfull is-layout-constrained wp-container-core-group-is-layout-8bbd0b3b wp-block-group-is-layout-constrained\" style=\"margin-top:0;margin-bottom:0;padding-top:var(--wp--preset--spacing--superbspacing-large);padding-right:var(--wp--preset--spacing--superbspacing-small);padding-bottom:var(--wp--preset--spacing--superbspacing-large);padding-left:var(--wp--preset--spacing--superbspacing-small)\">\n<p>Conform\u00e9ment aux dispositions de la loi n\u00b02004-575 du 21 juin 2004 pour la Confiance en l\u2019\u00e9conomie num\u00e9rique, il est port\u00e9 \u00e0 la connaissance des utilisateurs et visiteurs, ci-apr\u00e8s l&rsquo; \u00ab\u00a0<strong>Utilisateur<\/strong>\u00ab\u00a0, du site https:\/\/ancenis-saint-gereon2026.fr , ci-apr\u00e8s le \u00ab\u00a0<strong>Site<\/strong>\u00ab\u00a0, les pr\u00e9sentes mentions l\u00e9gales.<\/p>\n\n\n\n<p>La connexion et la navigation sur le Site par l\u2019Utilisateur implique acceptation int\u00e9grale et sans r\u00e9serve des pr\u00e9sentes mentions l\u00e9gales.<\/p>\n\n\n\n<p>Ces derni\u00e8res sont accessibles sur le Site \u00e0 la rubrique \u00ab\u00a0<strong>RGPD<\/strong>\u00ab\u00a0.<\/p>\n\n\n\n<h2 class=\"wp-block-heading\">Edition du Site<\/h2>\n\n\n\n<p>L\u2019\u00e9dition et la direction de la publication du Site est assur\u00e9e par Monsieur Francky STADELMANN, domicili\u00e9 175 Rue Eric Tabarly, 44150 Ancenis-Saint-G\u00e9r\u00e9on, dont le num\u00e9ro de t\u00e9l\u00e9phone est 0641502590, et l&rsquo;adresse e-mail collectif-municipales@ancenis-saint-gereon2026.fr.<\/p>\n\n\n\n<p>ci-apr\u00e8s l'\u00a0\u00bb<strong>Editeur<\/strong>\u00ab\u00a0.<\/p>\n\n\n\n<h2 class=\"wp-block-heading\">H\u00e9bergeur<\/h2>\n\n\n\n<p>L&rsquo;h\u00e9bergeur du Site est la soci\u00e9t\u00e9 SARL NEKO INFORMATIQUE, dont le si\u00e8ge social est situ\u00e9 au\u00a0 223, Rue des Alli\u00e9s &#8211; 44150 Ancenis-Saint-G\u00e9r\u00e9on .<\/p>\n\n\n\n<h2 class=\"wp-block-heading\">Acc\u00e8s au site<\/h2>\n\n\n\n<p>Le Site est normalement accessible, \u00e0 tout moment, \u00e0 l&rsquo;Utilisateur. Toutefois, l&rsquo;Editeur pourra, \u00e0 tout moment, suspendre, limiter ou interrompre le Site afin de proc\u00e9der, notamment, \u00e0 des mises \u00e0 jour ou des modifications de son contenu. L&rsquo;Editeur ne pourra en aucun cas \u00eatre tenu responsable des cons\u00e9quences \u00e9ventuelles de cette indisponibilit\u00e9 sur les activit\u00e9s de l&rsquo;Utilisateur.<\/p>\n\n\n\n<h2 class=\"wp-block-heading\">Collecte des donn\u00e9es<\/h2>\n\n\n\n<p>Le Site assure \u00e0 l&rsquo;Utilisateur une collecte et un traitement des donn\u00e9es personnelles dans le respect de la vie priv\u00e9e conform\u00e9ment \u00e0 la loi n\u00b078-17 du 6 janvier 1978 relative \u00e0 l&rsquo;informatique, aux fichiers&nbsp; aux libert\u00e9s et dans le respect de la r\u00e8glementation applicable en mati\u00e8re de traitement des donn\u00e9es \u00e0 caract\u00e8re personnel conform\u00e9ment au r\u00e8glement (UE) 2016\/679 du Parlement europ\u00e9en et du Conseil du 27 avril 2016 (ci-apr\u00e8s, ensemble, la \u00ab\u00a0<strong>RGPD r\u00e8glementation applicable en mati\u00e8re de protection des Donn\u00e9es \u00e0 caract\u00e8re personnel<\/strong>\u00ab\u00a0).<\/p>\n\n\n\n<p>Les informations recueillies le formulaire de soutien sont enregistr\u00e9es dans un fichier informatis\u00e9 par le Collectif Ancenis-Saint-G\u00e9r\u00e9on Agir Ensemble dans le but de constituer une liste de soutien au Collectif dans le cadre des \u00e9lections municipales de mars 2026.<br>Elles sont conserv\u00e9es pendant un an et sont destin\u00e9es au Collectif Ancenis-Saint-G\u00e9r\u00e9on Agir Ensemble.<br><br>Conform\u00e9ment \u00e0 la loi \u00abRGPD \u00bb,vous pouvez exercer vos droits d\u2019acc\u00e8s, de rectification, \u00e0 la limitation du traitement et \u00e0 la portabilit\u00e9 par mail collectif-municipales@ancenis-saint-gereon2026.fr.<br><br>\u00c0 d\u00e9faut de r\u00e9ponse ou en cas de d\u00e9saccord avec la r\u00e9ponse apport\u00e9e, vous pouvez introduire une r\u00e9clamation aupr\u00e8s de la Commission Nationale Informatique et Libert\u00e9s (CNIL) : &#8211; Par courrier postal : Commission Nationale de l\u2019informatique et des libert\u00e9s, Service des plaintes &#8211; 3 Place de Fontenoy TSA80715 &#8211; 75334 PARIS CEDEX 07 &#8211; En remplissant le formulaire suivant : https:\/\/www.cnil.fr\/fr\/plaintes<br><br>Toute utilisation, reproduction, diffusion, commercialisation, modification de toute ou partie du Site, sans autorisation expresse de l\u2019Editeur est prohib\u00e9e et pourra entra\u00eener des actions et poursuites judiciaires telles que pr\u00e9vues par la r\u00e8glementation en vigueur.<br>&nbsp;<\/p>\n<\/div>\n\n\n\n<p><\/p>\n\n\n\n<p><\/p>\n","protected":false},"excerpt":{"rendered":"<p>Conform\u00e9ment aux dispositions de la loi n\u00b02004-575 du 21 juin 2004 pour la Confiance en l\u2019\u00e9conomie num\u00e9rique, il est port\u00e9 \u00e0 la connaissance des utilisateurs et visiteurs, ci-apr\u00e8s l&rsquo; \u00ab\u00a0Utilisateur\u00ab\u00a0, du site https:\/\/ancenis-saint-gereon2026.fr , ci-apr\u00e8s le \u00ab\u00a0Site\u00ab\u00a0, les pr\u00e9sentes mentions l\u00e9gales. La connexion et la navigation sur le Site par l\u2019Utilisateur implique acceptation int\u00e9grale et [&hellip;]<\/p>\n","protected":false},"author":1,"featured_media":0,"parent":0,"menu_order":0,"comment_status":"closed","ping_status":"closed","template":"superbaddons-page-template","meta":{"footnotes":""},"class_list":["post-152","page","type-page","status-publish","hentry"],"_links":{"self":[{"href":"https:\/\/ancenis-saint-gereon2026.fr\/index.php\/wp-json\/wp\/v2\/pages\/152","targetHints":{"allow":["GET"]}}],"collection":[{"href":"https:\/\/ancenis-saint-gereon2026.fr\/index.php\/wp-json\/wp\/v2\/pages"}],"about":[{"href":"https:\/\/ancenis-saint-gereon2026.fr\/index.php\/wp-json\/wp\/v2\/types\/page"}],"author":[{"embeddable":true,"href":"https:\/\/ancenis-saint-gereon2026.fr\/index.php\/wp-json\/wp\/v2\/users\/1"}],"replies":[{"embeddable":true,"href":"https:\/\/ancenis-saint-gereon2026.fr\/index.php\/wp-json\/wp\/v2\/comments?post=152"}],"version-history":[{"count":11,"href":"https:\/\/ancenis-saint-gereon2026.fr\/index.php\/wp-json\/wp\/v2\/pages\/152\/revisions"}],"predecessor-version":[{"id":221,"href":"https:\/\/ancenis-saint-gereon2026.fr\/index.php\/wp-json\/wp\/v2\/pages\/152\/revisions\/221"}],"wp:attachment":[{"href":"https:\/\/ancenis-saint-gereon2026.fr\/index.php\/wp-json\/wp\/v2\/media?parent=152"}],"curies":[{"name":"wp","href":"https:\/\/api.w.org\/{rel}","templated":true}]}}